{"id":1046,"date":"2025-05-21T17:05:18","date_gmt":"2025-05-21T17:05:18","guid":{"rendered":"https:\/\/obandocardenas.com\/web\/about\/"},"modified":"2025-05-22T18:54:12","modified_gmt":"2025-05-22T18:54:12","slug":"about","status":"publish","type":"page","link":"https:\/\/obandocardenas.com\/web\/about\/","title":{"rendered":"Historia"},"content":{"rendered":"<p><strong>OBANDO-CARDENAS ABOGADOS ASOCIADOS<\/strong> es una firma especializada en derecho privado, que fue fundada en el a\u00f1o de 1973 por los Doctores Jaime Obando Velasco y Tulio C\u00e1rdenas Giraldo, estableciendo su sede en la ciudad de Bogot\u00e1 en la Calle 59 No. 5-30, sitio donde contin\u00faa ubicada actualmente.<\/p>\n<p>En el ejercicio de la actividad profesional, los miembros de este bufete han desarrollado importantes actividades tanto en el sector p\u00fablico como en el privado, por lo que gozan de gran experiencia en el manejo de toda clase de asuntos legales en las \u00e1reas del derecho corporativo, comercial, inversi\u00f3n extranjera, civil, familia, penal, deportivo y del entretenimiento, propiedad intelectual y derechos de autor, entre otros. Esta experiencia, aunada a los conocimientos que han proporcionado las especializaciones realizadas en las diferentes materias, as\u00ed como el manejo de los diferentes idiomas, permite prestar una acertada asesor\u00eda a todos los clientes, orientada siempre por los principios de la \u00e9tica y diligencia profesional<\/p>\n","protected":false},"excerpt":{"rendered":"<p>OBANDO-CARDENAS ABOGADOS ASOCIADOS es una firma especializada en derecho privado, que fue fundada en el a\u00f1o de 1973 por los Doctores Jaime Obando Velasco y Tulio C\u00e1rdenas Giraldo, estableciendo su sede en la ciudad de Bogot\u00e1 en la Calle 59 No. 5-30, sitio donde contin\u00faa ubicada actualmente. En el ejercicio de la actividad profesional, los [&hellip;]<\/p>\n","protected":false},"author":1,"featured_media":0,"parent":0,"menu_order":0,"comment_status":"closed","ping_status":"closed","template":"","meta":{"footnotes":""},"class_list":["post-1046","page","type-page","status-publish","hentry"],"_links":{"self":[{"href":"https:\/\/obandocardenas.com\/web\/wp-json\/wp\/v2\/pages\/1046","targetHints":{"allow":["GET"]}}],"collection":[{"href":"https:\/\/obandocardenas.com\/web\/wp-json\/wp\/v2\/pages"}],"about":[{"href":"https:\/\/obandocardenas.com\/web\/wp-json\/wp\/v2\/types\/page"}],"author":[{"embeddable":true,"href":"https:\/\/obandocardenas.com\/web\/wp-json\/wp\/v2\/users\/1"}],"replies":[{"embeddable":true,"href":"https:\/\/obandocardenas.com\/web\/wp-json\/wp\/v2\/comments?post=1046"}],"version-history":[{"count":2,"href":"https:\/\/obandocardenas.com\/web\/wp-json\/wp\/v2\/pages\/1046\/revisions"}],"predecessor-version":[{"id":1077,"href":"https:\/\/obandocardenas.com\/web\/wp-json\/wp\/v2\/pages\/1046\/revisions\/1077"}],"wp:attachment":[{"href":"https:\/\/obandocardenas.com\/web\/wp-json\/wp\/v2\/media?parent=1046"}],"curies":[{"name":"wp","href":"https:\/\/api.w.org\/{rel}","templated":true}]}}