{"id":1047,"date":"2025-05-21T17:05:18","date_gmt":"2025-05-21T17:05:18","guid":{"rendered":"https:\/\/obandocardenas.com\/web\/services\/"},"modified":"2025-05-22T19:10:48","modified_gmt":"2025-05-22T19:10:48","slug":"services","status":"publish","type":"page","link":"https:\/\/obandocardenas.com\/web\/services\/","title":{"rendered":"Principios"},"content":{"rendered":"<p><strong>Acompa\u00f1amiento personalizado<\/strong><\/p>\n<p>Somos una firma de abogados tipo \u00a0boutique, lo que nos permite brindar a nuestros clientes un acompa\u00f1amiento personalizado en el diagn\u00f3stico, prevenci\u00f3n y tratamiento de conflictos jur\u00eddicos.<\/p>\n<p>Adicionalmente, \u00a0el compromiso de parte de nuestro equipo de trabajo para con los negocios de quienes conf\u00edan en nosotros es directo, lo que significa que nuestros clientes reciben asesor\u00eda directamente del abogado socio, quien cuenta con las m\u00e1s altas credenciales y la experiencia suficiente para ofrecer una asesor\u00eda legal que cumple con los m\u00e1s altos est\u00e1ndares del mercado legal.<\/p>\n<p><strong>Trabajo \u00e9tico<\/strong><\/p>\n<p>Somos una firma que reconoce el grado de confianza que implica el manejo de los \u00a0\u00a0 asuntos legales de una persona natural o jur\u00eddica, por esto dentro de nuestras premisas se encuentra la defensa de los intereses de nuestros clientes dentro de la m\u00e1s estricta \u00e9tica, transparencia y oportunidad.<\/p>\n<p><strong>Especialidad<\/strong><\/p>\n<p>Nuestra larga trayectoria en el ejercicio del derecho y el alto grado de especialidad de nuestro equipo de trabajo hace que nuestra firma cuente con la experiencia, profesionalizaci\u00f3n y conocimiento espec\u00edfico suficiente para atender las necesidades jur\u00eddicas de los negocios de nuestros clientes.<\/p>\n","protected":false},"excerpt":{"rendered":"<p>Acompa\u00f1amiento personalizado Somos una firma de abogados tipo \u00a0boutique, lo que nos permite brindar a nuestros clientes un acompa\u00f1amiento personalizado en el diagn\u00f3stico, prevenci\u00f3n y tratamiento de conflictos jur\u00eddicos. Adicionalmente, \u00a0el compromiso de parte de nuestro equipo de trabajo para con los negocios de quienes conf\u00edan en nosotros es directo, lo que significa que nuestros [&hellip;]<\/p>\n","protected":false},"author":1,"featured_media":0,"parent":0,"menu_order":0,"comment_status":"closed","ping_status":"closed","template":"","meta":{"footnotes":""},"class_list":["post-1047","page","type-page","status-publish","hentry"],"_links":{"self":[{"href":"https:\/\/obandocardenas.com\/web\/wp-json\/wp\/v2\/pages\/1047","targetHints":{"allow":["GET"]}}],"collection":[{"href":"https:\/\/obandocardenas.com\/web\/wp-json\/wp\/v2\/pages"}],"about":[{"href":"https:\/\/obandocardenas.com\/web\/wp-json\/wp\/v2\/types\/page"}],"author":[{"embeddable":true,"href":"https:\/\/obandocardenas.com\/web\/wp-json\/wp\/v2\/users\/1"}],"replies":[{"embeddable":true,"href":"https:\/\/obandocardenas.com\/web\/wp-json\/wp\/v2\/comments?post=1047"}],"version-history":[{"count":1,"href":"https:\/\/obandocardenas.com\/web\/wp-json\/wp\/v2\/pages\/1047\/revisions"}],"predecessor-version":[{"id":1083,"href":"https:\/\/obandocardenas.com\/web\/wp-json\/wp\/v2\/pages\/1047\/revisions\/1083"}],"wp:attachment":[{"href":"https:\/\/obandocardenas.com\/web\/wp-json\/wp\/v2\/media?parent=1047"}],"curies":[{"name":"wp","href":"https:\/\/api.w.org\/{rel}","templated":true}]}}