{"id":797,"date":"2015-08-22T00:05:58","date_gmt":"2015-08-22T00:05:58","guid":{"rendered":"http:\/\/obandocardenas.com\/web\/?page_id=797"},"modified":"2025-05-22T19:19:59","modified_gmt":"2025-05-22T19:19:59","slug":"quienes-somos","status":"publish","type":"page","link":"https:\/\/obandocardenas.com\/web\/quienes-somos\/","title":{"rendered":"Quienes somos"},"content":{"rendered":"<p>Nuestra firma tiene m\u00e1s de 40 a\u00f1os de experiencia prestando servicios jur\u00eddicos a empresas o personas nacionales y extranjeras que desarrollan sus actividades en Colombia, para lo cual contamos\u00a0 con \u00a0un equipo \u00a0de abogados altamente calificados y con experiencia espec\u00edfica comprobada en las diversas \u00e1reas de pr\u00e1ctica que ofrecemos a nuestros clientes.<\/p>\n<p>La misi\u00f3n de la firma es proteger y potenciar los intereses \u00a0de nuestros clientes, por lo cual prestamos\u00a0 un servicio pr\u00e1ctico, eficiente y personalizado, que permita a nuestros clientes obtener el mejor provecho de sus negocios con la tranquilidad de saber que cuentan con la debida protecci\u00f3n legal.<\/p>\n\n\n<p><\/p>\n","protected":false},"excerpt":{"rendered":"<p>Nuestra firma tiene m\u00e1s de 40 a\u00f1os de experiencia prestando servicios jur\u00eddicos a empresas o personas nacionales y extranjeras que desarrollan sus actividades en Colombia, para lo cual contamos\u00a0 con \u00a0un equipo \u00a0de abogados altamente calificados y con experiencia espec\u00edfica comprobada en las diversas \u00e1reas de pr\u00e1ctica que ofrecemos a nuestros clientes. La misi\u00f3n de [&hellip;]<\/p>\n","protected":false},"author":1,"featured_media":0,"parent":0,"menu_order":0,"comment_status":"closed","ping_status":"closed","template":"","meta":{"footnotes":""},"class_list":["post-797","page","type-page","status-publish","hentry"],"_links":{"self":[{"href":"https:\/\/obandocardenas.com\/web\/wp-json\/wp\/v2\/pages\/797","targetHints":{"allow":["GET"]}}],"collection":[{"href":"https:\/\/obandocardenas.com\/web\/wp-json\/wp\/v2\/pages"}],"about":[{"href":"https:\/\/obandocardenas.com\/web\/wp-json\/wp\/v2\/types\/page"}],"author":[{"embeddable":true,"href":"https:\/\/obandocardenas.com\/web\/wp-json\/wp\/v2\/users\/1"}],"replies":[{"embeddable":true,"href":"https:\/\/obandocardenas.com\/web\/wp-json\/wp\/v2\/comments?post=797"}],"version-history":[{"count":2,"href":"https:\/\/obandocardenas.com\/web\/wp-json\/wp\/v2\/pages\/797\/revisions"}],"predecessor-version":[{"id":1087,"href":"https:\/\/obandocardenas.com\/web\/wp-json\/wp\/v2\/pages\/797\/revisions\/1087"}],"wp:attachment":[{"href":"https:\/\/obandocardenas.com\/web\/wp-json\/wp\/v2\/media?parent=797"}],"curies":[{"name":"wp","href":"https:\/\/api.w.org\/{rel}","templated":true}]}}