{"id":803,"date":"2015-08-22T00:13:57","date_gmt":"2015-08-22T00:13:57","guid":{"rendered":"http:\/\/obandocardenas.com\/web\/?page_id=803"},"modified":"2025-05-22T19:24:01","modified_gmt":"2025-05-22T19:24:01","slug":"areas-de-practica","status":"publish","type":"page","link":"https:\/\/obandocardenas.com\/web\/areas-de-practica\/","title":{"rendered":"\u00c1reas de pr\u00e1ctica"},"content":{"rendered":"<p>Nuestra firma est\u00e1 en capacidad de presar asesor\u00eda legal a todo tipo de empresas vinculadas a los diversos sectores industriales, pues a lo largo de nuestra experiencia profesional hemos asesorado clientes del sector de la floricultura, automotriz, financiero, telecomunicaciones, alimentos y bebidas, servicios de vigilancia y aseo, construcci\u00f3n, inversi\u00f3n extranjera, productos agr\u00edcolas, industria deportiva y del entretenimiento, entre mucho otros sectores. Por lo anterior, el equipo \u00a0de trabajo est\u00e1 capacitado para brindar asesor\u00eda jur\u00eddica en las siguientes \u00e1reas de pr\u00e1ctica\u00a0:<\/p>\n<table style=\"border-color: #ffffff; background-color: #ffffff;\">\n<tbody>\n<tr>\n<td>\n<ul>\n<li><strong>Derecho Corporativo<\/strong><\/li>\n<\/ul>\n<\/td>\n<td>\n<ul>\n<li><strong>Derecho de los Negocios<\/strong><\/li>\n<\/ul>\n<\/td>\n<td>\n<ul>\n<li><strong>Derecho Societario<\/strong><\/li>\n<\/ul>\n<\/td>\n<td>\n<ul>\n<li><strong>Inversi\u00f3n Extranjera<\/strong><\/li>\n<\/ul>\n<\/td>\n<\/tr>\n<tr>\n<td>\n<ul>\n<li><strong>Derecho de los Contratos<\/strong><\/li>\n<\/ul>\n<\/td>\n<td>\n<ul>\n<li><strong>Derecho Civil<\/strong><\/li>\n<\/ul>\n<\/td>\n<td>\n<ul>\n<li><strong>Derecho de Familia<\/strong><\/li>\n<\/ul>\n<\/td>\n<td>\n<ul>\n<li><strong>Derecho Deportivo<\/strong><\/li>\n<\/ul>\n<\/td>\n<\/tr>\n<tr>\n<td>\n<ul>\n<li><strong>Derecho del Entretenimiento<\/strong><\/li>\n<\/ul>\n<\/td>\n<td>\n<ul>\n<li><strong>Propiedad Intelectual<\/strong><\/li>\n<\/ul>\n<\/td>\n<td>\n<ul>\n<li><strong>Derecho de Autor<\/strong><\/li>\n<\/ul>\n<\/td>\n<td>\n<ul>\n<li><strong>Derecho Penal<\/strong><\/li>\n<\/ul>\n<\/td>\n<\/tr>\n<tr>\n<td>\n<ul>\n<li><strong>Derecho de la Competencia<\/strong><\/li>\n<\/ul>\n<\/td>\n<td>\n<ul>\n<li><strong>Derecho de las Comunicaciones<\/strong><\/li>\n<\/ul>\n<\/td>\n<td>\n<ul>\n<li><strong>Litigios y Arbitramentos<\/strong><\/li>\n<\/ul>\n<\/td>\n<td>\n<ul>\n<li><strong>Conciliaci\u00f3n y mecanismos alternativos de soluci\u00f3n de conflictos<\/strong><\/li>\n<\/ul>\n<\/td>\n<\/tr>\n<\/tbody>\n<\/table>\n","protected":false},"excerpt":{"rendered":"<p>Nuestra firma est\u00e1 en capacidad de presar asesor\u00eda legal a todo tipo de empresas vinculadas a los diversos sectores industriales, pues a lo largo de nuestra experiencia profesional hemos asesorado clientes del sector de la floricultura, automotriz, financiero, telecomunicaciones, alimentos y bebidas, servicios de vigilancia y aseo, construcci\u00f3n, inversi\u00f3n extranjera, productos agr\u00edcolas, industria deportiva y [&hellip;]<\/p>\n","protected":false},"author":1,"featured_media":0,"parent":0,"menu_order":0,"comment_status":"closed","ping_status":"closed","template":"","meta":{"footnotes":""},"class_list":["post-803","page","type-page","status-publish","hentry"],"_links":{"self":[{"href":"https:\/\/obandocardenas.com\/web\/wp-json\/wp\/v2\/pages\/803","targetHints":{"allow":["GET"]}}],"collection":[{"href":"https:\/\/obandocardenas.com\/web\/wp-json\/wp\/v2\/pages"}],"about":[{"href":"https:\/\/obandocardenas.com\/web\/wp-json\/wp\/v2\/types\/page"}],"author":[{"embeddable":true,"href":"https:\/\/obandocardenas.com\/web\/wp-json\/wp\/v2\/users\/1"}],"replies":[{"embeddable":true,"href":"https:\/\/obandocardenas.com\/web\/wp-json\/wp\/v2\/comments?post=803"}],"version-history":[{"count":20,"href":"https:\/\/obandocardenas.com\/web\/wp-json\/wp\/v2\/pages\/803\/revisions"}],"predecessor-version":[{"id":1091,"href":"https:\/\/obandocardenas.com\/web\/wp-json\/wp\/v2\/pages\/803\/revisions\/1091"}],"wp:attachment":[{"href":"https:\/\/obandocardenas.com\/web\/wp-json\/wp\/v2\/media?parent=803"}],"curies":[{"name":"wp","href":"https:\/\/api.w.org\/{rel}","templated":true}]}}