{"id":811,"date":"2015-08-22T00:31:55","date_gmt":"2015-08-22T00:31:55","guid":{"rendered":"http:\/\/obandocardenas.com\/web\/?page_id=811"},"modified":"2025-05-22T15:17:02","modified_gmt":"2025-05-22T20:17:02","slug":"alianzas-y-conexiones","status":"publish","type":"page","link":"https:\/\/obandocardenas.com\/web\/alianzas-y-conexiones\/","title":{"rendered":"Alianzas y Conexiones"},"content":{"rendered":"<p>Contamos con alianzas nacionales e internacionales que nos permiten ofrecerle una asesor\u00eda jur\u00eddica integral en las \u00e1reas requeridas por nuestro clientes, con pleno conocimiento de las diferentes legislaciones y con el manejo de los diversos idiomas.<\/p>\n<ul>\n<li>Playlegal (Derecho deportivo y del entretenimiento)<\/li>\n<li>Dra. Castro (Derecho Penal)<\/li>\n<li>Luis Fernando Rinc\u00f3n (gobierno corporativo)<\/li>\n<\/ul>\n","protected":false},"excerpt":{"rendered":"<p>Contamos con alianzas nacionales e internacionales que nos permiten ofrecerle una asesor\u00eda jur\u00eddica integral en las \u00e1reas requeridas por nuestro clientes, con pleno conocimiento de las diferentes legislaciones y con el manejo de los diversos idiomas. Playlegal (Derecho deportivo y del entretenimiento) Dra. Castro (Derecho Penal) Luis Fernando Rinc\u00f3n (gobierno corporativo)<\/p>\n","protected":false},"author":1,"featured_media":0,"parent":0,"menu_order":0,"comment_status":"closed","ping_status":"closed","template":"","meta":{"footnotes":""},"class_list":["post-811","page","type-page","status-publish","hentry"],"_links":{"self":[{"href":"https:\/\/obandocardenas.com\/web\/wp-json\/wp\/v2\/pages\/811","targetHints":{"allow":["GET"]}}],"collection":[{"href":"https:\/\/obandocardenas.com\/web\/wp-json\/wp\/v2\/pages"}],"about":[{"href":"https:\/\/obandocardenas.com\/web\/wp-json\/wp\/v2\/types\/page"}],"author":[{"embeddable":true,"href":"https:\/\/obandocardenas.com\/web\/wp-json\/wp\/v2\/users\/1"}],"replies":[{"embeddable":true,"href":"https:\/\/obandocardenas.com\/web\/wp-json\/wp\/v2\/comments?post=811"}],"version-history":[{"count":18,"href":"https:\/\/obandocardenas.com\/web\/wp-json\/wp\/v2\/pages\/811\/revisions"}],"predecessor-version":[{"id":1088,"href":"https:\/\/obandocardenas.com\/web\/wp-json\/wp\/v2\/pages\/811\/revisions\/1088"}],"wp:attachment":[{"href":"https:\/\/obandocardenas.com\/web\/wp-json\/wp\/v2\/media?parent=811"}],"curies":[{"name":"wp","href":"https:\/\/api.w.org\/{rel}","templated":true}]}}